{"id":30,"date":"2023-11-07T07:11:47","date_gmt":"2023-11-07T06:11:47","guid":{"rendered":"https:\/\/avocat-jouandon.com\/index.php\/home-francais\/"},"modified":"2026-03-25T15:43:49","modified_gmt":"2026-03-25T14:43:49","slug":"cabinet","status":"publish","type":"page","link":"https:\/\/avocat-jouandon.com\/index.php\/cabinet\/","title":{"rendered":"Cabinet"},"content":{"rendered":"\n<div class=\"wp-block-cover alignfull is-light has-parallax\" style=\"min-height:170px;aspect-ratio:unset;\"><span aria-hidden=\"true\" class=\"wp-block-cover__background has-background-dim-0 has-background-dim\"><\/span><div class=\"wp-block-cover__image-background wp-image-1251 has-parallax\" style=\"background-position:50% 50%;background-image:url(http:\/\/avocat-jouandon.com\/wp-content\/uploads\/2023\/12\/Bibliotheque-droit-social-1-scaled.jpg)\"><\/div><div class=\"wp-block-cover__inner-container is-layout-flow wp-block-cover-is-layout-flow\">\n<p class=\"has-text-align-center has-large-font-size\"><\/p>\n<\/div><\/div>\n\n\n\n<div class=\"wp-block-columns is-layout-flex wp-container-core-columns-is-layout-1 wp-block-columns-is-layout-flex\" style=\"padding-right:var(--wp--preset--spacing--60);padding-left:var(--wp--preset--spacing--60)\">\n<div class=\"wp-block-column is-layout-flow wp-block-column-is-layout-flow\">\n<p class=\"has-text-align-left has-text-color has-medium-font-size\" style=\"color:#adadad\"><strong>NOTRE CABINET D&rsquo;AVOCAT<\/strong><\/p>\n\n\n\n<h2 style=\"text-align: justify;\"><span style=\"color: #044689;\"><strong>UN AVOCAT FRAN\u00c7AIS ENTRE LA FRANCE ET L\u2019ITALIE<\/strong><\/span><\/h2>\n<p style=\"text-align: justify;\"><strong>R\u00e9sident \u00e0 Rome<\/strong> depuis 2018, <strong>bilingue fran\u00e7ais italien<\/strong>, <strong>dipl\u00f4m\u00e9 en France <\/strong>(L, MI et MII Universit\u00e9 Paris II Panth\u00e9on Assas, stagiaire pr\u00e8s la Cour de cassation) <strong>et en Italie <\/strong>(Master II livello diritto del lavoro e previdenza sociale Universit\u00e0 Pegaso, Master I livello Pianificazione tribuatria internazionale Universit\u00e0 Unicusano), Me Marc Jouandon justifie d\u2019une <strong>formation solide<\/strong> et de<strong> 17 ann\u00e9es d\u2019exp\u00e9rience en France et en Italie<\/strong>.<\/p>\n<p style=\"text-align: justify;\">En France, il a <strong>exerc\u00e9 d\u2019importantes responsabilit\u00e9s<\/strong> (f<strong>ondateur d\u2019un cabinet d\u2019avocats<\/strong> au Barreau de Paris 9 ans, <strong>responsable des affaires sociales du Groupe Gallimard<\/strong> 2 ans) et en Italie il a acquis une excellente connaissance de l\u2019Administration et du Monde des affaires (<strong>consultant juridique<\/strong> 2 ans, <strong>responsable administratif de l\u2019Ambassade de France<\/strong> 3 ans).<\/p>\n<p style=\"text-align: justify;\">Fruit d\u2019exp\u00e9riences personnelles et de rencontres professionnelles en France et en Italie, il a fait le <strong>constat de l\u2019absence en Italie, particuli\u00e8rement dans le Centre et Sud Italie, d\u2019avocat de langue maternelle fran\u00e7aise, form\u00e9s aux droits fran\u00e7ais et italien<\/strong>, \u00e0 <strong>destination des Petites et Moyennes Entreprises (PME) et des particuliers.<\/strong><\/p>\n\n\n\n<ul class=\"wp-block-social-links aligncenter has-large-icon-size has-visible-labels is-style-pill-shape is-horizontal is-content-justification-center is-layout-flex wp-container-core-social-links-is-layout-1 wp-block-social-links-is-layout-flex\" style=\"margin-right:0;margin-left:0;padding-right:var(--wp--preset--spacing--50)\"><li class=\"wp-social-link wp-social-link-linkedin  wp-block-social-link\"><a rel=\"noopener nofollow\" target=\"_blank\" href=\"https:\/\/www.linkedin.com\/in\/marc-jouandon-19376739\" class=\"wp-block-social-link-anchor\"><svg width=\"24\" height=\"24\" viewBox=\"0 0 24 24\" version=\"1.1\" xmlns=\"http:\/\/www.w3.org\/2000\/svg\" aria-hidden=\"true\" focusable=\"false\"><path d=\"M19.7,3H4.3C3.582,3,3,3.582,3,4.3v15.4C3,20.418,3.582,21,4.3,21h15.4c0.718,0,1.3-0.582,1.3-1.3V4.3 C21,3.582,20.418,3,19.7,3z M8.339,18.338H5.667v-8.59h2.672V18.338z M7.004,8.574c-0.857,0-1.549-0.694-1.549-1.548 c0-0.855,0.691-1.548,1.549-1.548c0.854,0,1.547,0.694,1.547,1.548C8.551,7.881,7.858,8.574,7.004,8.574z M18.339,18.338h-2.669 v-4.177c0-0.996-0.017-2.278-1.387-2.278c-1.389,0-1.601,1.086-1.601,2.206v4.249h-2.667v-8.59h2.559v1.174h0.037 c0.356-0.675,1.227-1.387,2.526-1.387c2.703,0,3.203,1.779,3.203,4.092V18.338z\"><\/path><\/svg><span class=\"wp-block-social-link-label\">LinkedIn<\/span><\/a><\/li><\/ul>\n\n\n\n<h1 style=\"text-align: center;\"><span style=\"color: #044689;\"><strong>\u2234<\/strong><\/span><\/h1>\n\n\n\n<h2 style=\"text-align: justify;\"><span style=\"color: #044689;\"><strong>POUR LES PME ET LES PARTICULIERS<\/strong><\/span><\/h2>\n<p style=\"text-align: justify;\">Notre Cabinet <strong>accompagne les PME et les particuliers en France et en Italie<\/strong>, sur des <strong>probl\u00e9matiques juridiques nationales ou transnationales<\/strong> (entre deux pays).<\/p>\n<p style=\"text-align: justify;\">Concernant notre activit\u00e9 transnationale, nous <strong>accompagnons au quotidien les entreprises d\u2019un pays (France ou Italie) entretenant des relations commerciales ponctuelles ou suivies avec l\u2019autre pays (France ou Italie)<\/strong>, souhaitant acc\u00e9der \u00e0 un nouveau march\u00e9, y implanter une structure juridique, transf\u00e9rer du personnel mis \u00e0 disposition d\u2019une autre entreprise ou en mission sur un projet.<\/p>\n<p style=\"text-align: justify;\">Fort de responsabilit\u00e9s en entreprise (responsable des affaires sociales d\u2019un groupe de soci\u00e9t\u00e9s et responsable administratif), au sein de structures juridiques diff\u00e9rentes, sous des statuts divers, dans de nombreux secteurs d\u2019activit\u00e9s, <strong>nous int\u00e9grons dans nos conseils tous les aspects pratiques du processus d\u00e9cisionnel et prenons en compte l\u2019int\u00e9r\u00eat de l\u2019entreprise sous toutes ses formes<\/strong>.<\/p>\n<p style=\"text-align: justify;\"><strong>Pour les particuliers<\/strong>, nous proposons des <strong>conseils pratiques et s\u00fbrs pour faire face aux grandes \u00e9tapes de la vie personnelle<\/strong> (relation de travail, mariage et divorce, gestion du patrimoine, fiscalit\u00e9, etc).<\/p>\n\n\n\n<h1 style=\"text-align: center;\"><span style=\"color: #044689;\"><strong>\u2234<\/strong><\/span><\/h1>\n\n\n\n<h2 style=\"text-align: justify;\"><span style=\"color: #044689;\"><strong>AVEC UNE APPROCHE MODERNE<\/strong><\/span><\/h2>\n<p style=\"text-align: justify;\">Notre cabinet met en \u0153uvre une<strong> relation horizontale avec ses clients bas\u00e9e sur la transparence et la confiance<\/strong>, ayant pour <strong>objet exclusif la d\u00e9fense de leur int\u00e9r\u00eat.<\/strong><\/p>\n<p style=\"text-align: justify;\">Nous souhaitons <strong>offrir une grande disponibilit\u00e9 et r\u00e9activit\u00e9<\/strong> pour \u00eatre en <strong>capacit\u00e9 de r\u00e9pondre aux urgences de nos clients.<\/strong> Pour cela, nous optimisons nos d\u00e9marches par l<strong>\u2019emploi des nouvelles technologies et des modes de communication efficients<\/strong>, nous fixons des <strong>\u00e9ch\u00e9ances r\u00e9guli\u00e8res<\/strong>, effectuons des <strong>rapports d\u2019avancement pr\u00e9cis.<\/strong><\/p>\n<p style=\"text-align: justify;\">Notre Cabinet entend donc proposer un <strong>service de proximit\u00e9<\/strong>, <strong>limitant les interm\u00e9diaires couteux et risqu\u00e9s<\/strong>, et <strong>offrir \u00e0 sa client\u00e8le un haut degr\u00e9 de qualit\u00e9 de services.<\/strong><\/p>\n<\/div>\n<\/div>\n","protected":false},"excerpt":{"rendered":"<p>NOTRE CABINET D&rsquo;AVOCAT UN AVOCAT FRAN\u00c7AIS ENTRE LA FRANCE ET L\u2019ITALIE R\u00e9sident \u00e0 Rome depuis 2018, bilingue fran\u00e7ais italien, dipl\u00f4m\u00e9 en France (L, MI et MII Universit\u00e9 Paris II Panth\u00e9on Assas, stagiaire pr\u00e8s la Cour de cassation) et en Italie (Master II livello diritto del lavoro e previdenza sociale Universit\u00e0 Pegaso, Master I livello Pianificazione [&hellip;]<\/p>\n","protected":false},"author":1,"featured_media":0,"parent":0,"menu_order":0,"comment_status":"closed","ping_status":"closed","template":"","meta":{"site-sidebar-layout":"no-sidebar","site-content-layout":"","ast-site-content-layout":"full-width-container","site-content-style":"default","site-sidebar-style":"default","ast-global-header-display":"","ast-banner-title-visibility":"","ast-main-header-display":"","ast-hfb-above-header-display":"","ast-hfb-below-header-display":"","ast-hfb-mobile-header-display":"","site-post-title":"disabled","ast-breadcrumbs-content":"","ast-featured-img":"","footer-sml-layout":"","theme-transparent-header-meta":"","adv-header-id-meta":"","stick-header-meta":"","header-above-stick-meta":"","header-main-stick-meta":"","header-below-stick-meta":"","astra-migrate-meta-layouts":"","ast-page-background-enabled":"default","ast-page-background-meta":{"desktop":{"background-color":"var(--ast-global-color-4)","background-image":"","background-repeat":"repeat","background-position":"center center","background-size":"auto","background-attachment":"scroll","background-type":"","background-media":"","overlay-type":"","overlay-color":"","overlay-gradient":""},"tablet":{"background-color":"","background-image":"","background-repeat":"repeat","background-position":"center center","background-size":"auto","background-attachment":"scroll","background-type":"","background-media":"","overlay-type":"","overlay-color":"","overlay-gradient":""},"mobile":{"background-color":"","background-image":"","background-repeat":"repeat","background-position":"center center","background-size":"auto","background-attachment":"scroll","background-type":"","background-media":"","overlay-type":"","overlay-color":"","overlay-gradient":""}},"ast-content-background-meta":{"desktop":{"background-color":"var(--ast-global-color-5)","background-image":"","background-repeat":"repeat","background-position":"center center","background-size":"auto","background-attachment":"scroll","background-type":"","background-media":"","overlay-type":"","overlay-color":"","overlay-gradient":""},"tablet":{"background-color":"var(--ast-global-color-5)","background-image":"","background-repeat":"repeat","background-position":"center center","background-size":"auto","background-attachment":"scroll","background-type":"","background-media":"","overlay-type":"","overlay-color":"","overlay-gradient":""},"mobile":{"background-color":"var(--ast-global-color-5)","background-image":"","background-repeat":"repeat","background-position":"center center","background-size":"auto","background-attachment":"scroll","background-type":"","background-media":"","overlay-type":"","overlay-color":"","overlay-gradient":""}},"footnotes":""},"_links":{"self":[{"href":"https:\/\/avocat-jouandon.com\/index.php\/wp-json\/wp\/v2\/pages\/30"}],"collection":[{"href":"https:\/\/avocat-jouandon.com\/index.php\/wp-json\/wp\/v2\/pages"}],"about":[{"href":"https:\/\/avocat-jouandon.com\/index.php\/wp-json\/wp\/v2\/types\/page"}],"author":[{"embeddable":true,"href":"https:\/\/avocat-jouandon.com\/index.php\/wp-json\/wp\/v2\/users\/1"}],"replies":[{"embeddable":true,"href":"https:\/\/avocat-jouandon.com\/index.php\/wp-json\/wp\/v2\/comments?post=30"}],"version-history":[{"count":362,"href":"https:\/\/avocat-jouandon.com\/index.php\/wp-json\/wp\/v2\/pages\/30\/revisions"}],"predecessor-version":[{"id":3415,"href":"https:\/\/avocat-jouandon.com\/index.php\/wp-json\/wp\/v2\/pages\/30\/revisions\/3415"}],"wp:attachment":[{"href":"https:\/\/avocat-jouandon.com\/index.php\/wp-json\/wp\/v2\/media?parent=30"}],"curies":[{"name":"wp","href":"https:\/\/api.w.org\/{rel}","templated":true}]}}