{"id":2560,"date":"2024-08-01T17:34:07","date_gmt":"2024-08-01T15:34:07","guid":{"rendered":"https:\/\/avocat-jouandon.com\/?page_id=2560"},"modified":"2024-09-11T14:33:59","modified_gmt":"2024-09-11T12:33:59","slug":"activiteenitalie","status":"publish","type":"page","link":"https:\/\/avocat-jouandon.com\/index.php\/activiteenitalie\/","title":{"rendered":"En Italie"},"content":{"rendered":"\n<div class=\"wp-block-cover alignfull is-light has-parallax\" style=\"min-height:170px;aspect-ratio:unset;\"><span aria-hidden=\"true\" class=\"wp-block-cover__background has-background-dim-0 has-background-dim\" style=\"background-color:#7d827f\"><\/span><div class=\"wp-block-cover__image-background wp-image-2998 has-parallax\" style=\"background-position:50% 50%;background-image:url(http:\/\/avocat-jouandon.com\/wp-content\/uploads\/2024\/09\/grande-raccordo-anulare.jpg)\"><\/div><div class=\"wp-block-cover__inner-container is-layout-constrained wp-block-cover-is-layout-constrained\">\n<p class=\"has-text-align-center has-large-font-size\"><\/p>\n<\/div><\/div>\n\n\n\n<div class=\"wp-block-columns is-layout-flex wp-container-core-columns-is-layout-1 wp-block-columns-is-layout-flex\">\n<div class=\"wp-block-column is-layout-flow wp-block-column-is-layout-flow\">\n<p class=\"has-text-color has-link-color has-medium-font-size wp-elements-e72feb18a76b484485f60b461dc37371\" style=\"color:#adadad\"><strong>NOTRE ACTIVITE EN ITALIE<\/strong><\/p>\n\n\n\n<h2><span style=\"color: #032b64;\"><strong>POUR LES PME FRANCAISES ET ITALIENNES<\/strong><\/span><\/h2>\n<p style=\"text-align: justify;\"><span style=\"color: #000000;\">Lors de la\u00a0<strong>cr\u00e9ation, des \u00e9tapes de son d\u00e9veloppement ou dans la gestion de crises<\/strong>, notre cabinet vous accompagne sur les\u00a0<strong>probl\u00e9matiques du droit de l\u2019entreprise<\/strong>\u00a0:<\/span><\/p>\n<h3><span style=\"text-decoration: underline; color: #032b64;\">DROIT DES SOCIETES\u00a0ET DROIT COMMERCIAL<\/span><\/h3>\n<ul>\n<li><span style=\"color: #000000;\"><strong>Constitution de soci\u00e9t\u00e9<\/strong> et mise en activit\u00e9,<\/span><\/li>\n<li><span style=\"color: #000000;\">Pacte d\u2019actionnaires,<\/span><\/li>\n<li><span style=\"color: #000000;\"><strong>Approbation de comptes<\/strong>, changement de direction, modification de l\u2019objet social, transfert de si\u00e8ge social,<\/span><\/li>\n<li><span style=\"color: #000000;\">Cessions de parts sociales et actions,<\/span><\/li>\n<li><span style=\"color: #000000;\"><strong>Proc\u00e9dures collectives.<\/strong><\/span><\/li>\n<li><span style=\"color: #000000;\"><strong>Contrats commerciaux et de partenariats,<\/strong><\/span><\/li>\n<\/ul>\n<ul style=\"text-align: justify;\">\n<li><span style=\"color: #000000;\">Baux commerciaux,<\/span><\/li>\n<li><span style=\"color: #000000;\">Conditions g\u00e9n\u00e9rales,<\/span><\/li>\n<li><span style=\"color: #000000;\"><strong>Recouvrement de cr\u00e9ances,<\/strong><\/span><\/li>\n<li><span style=\"color: #000000;\">Litiges commerciaux.<\/span><\/li>\n<\/ul>\n<h3 style=\"text-align: justify;\"><span style=\"text-decoration: underline;\"><span style=\"color: #032b64; text-decoration: underline;\">DROIT FISCAL<\/span><\/span><\/h3>\n<ul style=\"text-align: justify;\">\n<li><span style=\"color: #000000;\">Conseil en\u00a0<strong>s\u00e9curisation et optimisation fiscale,<\/strong><\/span><\/li>\n<li><span style=\"color: #000000;\"><strong>D\u00e9clarations fiscales,<\/strong><\/span><\/li>\n<li><span style=\"color: #000000;\">Proc\u00e9dures de\u00a0<strong>contr\u00f4le fiscal et proc\u00e9dures contentieuses.<\/strong><\/span><\/li>\n<\/ul>\n<h3 style=\"text-align: justify;\"><span style=\"text-decoration: underline; color: #032b64;\">DROIT DU TRAVAIL, PROTECTION SOCIALE\u00a0ET GESTION RH<\/span><\/h3>\n<ul style=\"text-align: justify;\">\n<li><span style=\"color: #000000;\"><strong>Cr\u00e9ation et r\u00e9organisation de votre entreprise,<\/strong><\/span><\/li>\n<li><span style=\"color: #000000;\"><strong>Recrutement<\/strong>\u00a0et typologie de contrats,<\/span><\/li>\n<li><span style=\"color: #000000;\">Modification du contrat,<\/span><\/li>\n<li><span style=\"color: #000000;\">Organisations de travail et formation professionnelle,<\/span><\/li>\n<li><span style=\"color: #000000;\"><strong>Syst\u00e8mes d\u2019\u00e9valuation, contr\u00f4le et sanctions,<\/strong><\/span><\/li>\n<li><span style=\"color: #000000;\"><strong>Ruptures de contrat<\/strong>\u00a0(d\u00e9mission, licenciement pour motif personnel ou \u00e9conomique, rupture conventionnelle, d\u00e9part en retraite)<\/span><\/li>\n<li><span style=\"color: #000000;\"><strong>Gestion de conflits et appr\u00e9ciation des risques sociaux et financiers<\/strong>,<\/span><\/li>\n<li><span style=\"color: #000000;\"><strong>Dialogue social<\/strong>\u00a0(\u00e9lections des repr\u00e9sentants du personnel, r\u00e9unions et consultations,\u00a0d\u00e9signations syndicales, n\u00e9gociation collective),<\/span><\/li>\n<li><span style=\"color: #000000;\">S\u00e9curisation et optimisation de la masse salariale et avantages collectifs,<\/span><\/li>\n<li><span style=\"color: #000000;\"><strong>Sant\u00e9 et s\u00e9curit\u00e9 au travail et \u00e9valuation des risques professionnels<\/strong>,<\/span><\/li>\n<li><span style=\"color: #000000;\">Collecte et traitement des\u00a0<strong>donn\u00e9es personnelles,<\/strong><\/span><\/li>\n<li><span style=\"color: #000000;\">Mise en place de la\u00a0<strong>protection sociale compl\u00e9mentaire,<\/strong><\/span><\/li>\n<li><span style=\"color: #000000;\">Contr\u00f4le Inps,<\/span><\/li>\n<li><span style=\"color: #000000;\">Relations avec l\u2019Administration.<\/span><\/li>\n<\/ul>\n<h2 style=\"text-align: justify;\"><strong>\u2234<\/strong><\/h2>\n<h2 style=\"text-align: left;\"><span style=\"color: #032b64;\"><strong>POUR LES RESIDENTS FRANCAIS ET FRANCOPHONES EN ITALIE<\/strong><\/span><\/h2>\n<p style=\"text-align: justify;\"><span style=\"color: #000000;\">Notre cabinet\u00a0<strong>conseille les r\u00e9sidents fran\u00e7ais et francophones en Italie pour faire face aux probl\u00e9matiques juridiques du quotidien<\/strong>\u00a0en prenant en compte l\u2019ensemble des normes juridiques applicables aux situations :<\/span><\/p>\n<ul>\n<li style=\"text-align: justify;\"><span style=\"color: #000000;\"><strong>Fiscalit\u00e9 du particulier actif ou retrait\u00e9<\/strong>\u00a0(hypoth\u00e8se imposition dans plusieurs pays, choix de la r\u00e9sidence fiscale),<\/span><\/li>\n<li style=\"text-align: justify;\"><span style=\"color: #000000;\"><strong>Gestion immobili\u00e8re<\/strong>\u00a0: achat, location, copropri\u00e9t\u00e9,<\/span><\/li>\n<li style=\"text-align: justify;\"><span style=\"color: #000000;\"><strong>Cr\u00e9ation d\u2019une entreprise individuelle<\/strong>\u00a0(choix de la forme juridique, d\u00e9marches administratives, comparatif des r\u00e9gimes fiscaux),<\/span><\/li>\n<li style=\"text-align: justify;\"><span style=\"color: #000000;\"><strong>Emploi<\/strong>\u00a0(formation, ex\u00e9cution, rupture du contrat),<\/span><\/li>\n<li style=\"text-align: justify;\"><span style=\"color: #000000;\">Liquidation de la\u00a0<strong>retraite<\/strong>\u00a0(carri\u00e8re multiple, versement dans un autre pays),<\/span><\/li>\n<li style=\"text-align: justify;\"><span style=\"color: #000000;\"><strong>Relations avec les administrations<\/strong>,<\/span><\/li>\n<li style=\"text-align: justify;\"><span style=\"color: #000000;\"><strong>Rapports avec les professionnels<\/strong>\u00a0(architecte, m\u00e9decin, avocat, notaire, constructeur, assureur, etc.).<\/span><\/li>\n<\/ul>\n<\/div>\n<\/div>\n","protected":false},"excerpt":{"rendered":"<p>NOTRE ACTIVITE EN ITALIE POUR LES PME FRANCAISES ET ITALIENNES Lors de la\u00a0cr\u00e9ation, des \u00e9tapes de son d\u00e9veloppement ou dans la gestion de crises, notre cabinet vous accompagne sur les\u00a0probl\u00e9matiques du droit de l\u2019entreprise\u00a0: DROIT DES SOCIETES\u00a0ET DROIT COMMERCIAL Constitution de soci\u00e9t\u00e9 et mise en activit\u00e9, Pacte d\u2019actionnaires, Approbation de comptes, changement de direction, modification [&hellip;]<\/p>\n","protected":false},"author":1,"featured_media":0,"parent":0,"menu_order":0,"comment_status":"closed","ping_status":"closed","template":"","meta":{"site-sidebar-layout":"default","site-content-layout":"","ast-site-content-layout":"","site-content-style":"default","site-sidebar-style":"default","ast-global-header-display":"","ast-banner-title-visibility":"","ast-main-header-display":"","ast-hfb-above-header-display":"","ast-hfb-below-header-display":"","ast-hfb-mobile-header-display":"","site-post-title":"disabled","ast-breadcrumbs-content":"","ast-featured-img":"","footer-sml-layout":"","theme-transparent-header-meta":"","adv-header-id-meta":"","stick-header-meta":"","header-above-stick-meta":"","header-main-stick-meta":"","header-below-stick-meta":"","astra-migrate-meta-layouts":"default","ast-page-background-enabled":"default","ast-page-background-meta":{"desktop":{"background-color":"var(--ast-global-color-4)","background-image":"","background-repeat":"repeat","background-position":"center center","background-size":"auto","background-attachment":"scroll","background-type":"","background-media":"","overlay-type":"","overlay-color":"","overlay-gradient":""},"tablet":{"background-color":"","background-image":"","background-repeat":"repeat","background-position":"center center","background-size":"auto","background-attachment":"scroll","background-type":"","background-media":"","overlay-type":"","overlay-color":"","overlay-gradient":""},"mobile":{"background-color":"","background-image":"","background-repeat":"repeat","background-position":"center center","background-size":"auto","background-attachment":"scroll","background-type":"","background-media":"","overlay-type":"","overlay-color":"","overlay-gradient":""}},"ast-content-background-meta":{"desktop":{"background-color":"var(--ast-global-color-5)","background-image":"","background-repeat":"repeat","background-position":"center center","background-size":"auto","background-attachment":"scroll","background-type":"","background-media":"","overlay-type":"","overlay-color":"","overlay-gradient":""},"tablet":{"background-color":"var(--ast-global-color-5)","background-image":"","background-repeat":"repeat","background-position":"center center","background-size":"auto","background-attachment":"scroll","background-type":"","background-media":"","overlay-type":"","overlay-color":"","overlay-gradient":""},"mobile":{"background-color":"var(--ast-global-color-5)","background-image":"","background-repeat":"repeat","background-position":"center center","background-size":"auto","background-attachment":"scroll","background-type":"","background-media":"","overlay-type":"","overlay-color":"","overlay-gradient":""}},"footnotes":""},"_links":{"self":[{"href":"https:\/\/avocat-jouandon.com\/index.php\/wp-json\/wp\/v2\/pages\/2560"}],"collection":[{"href":"https:\/\/avocat-jouandon.com\/index.php\/wp-json\/wp\/v2\/pages"}],"about":[{"href":"https:\/\/avocat-jouandon.com\/index.php\/wp-json\/wp\/v2\/types\/page"}],"author":[{"embeddable":true,"href":"https:\/\/avocat-jouandon.com\/index.php\/wp-json\/wp\/v2\/users\/1"}],"replies":[{"embeddable":true,"href":"https:\/\/avocat-jouandon.com\/index.php\/wp-json\/wp\/v2\/comments?post=2560"}],"version-history":[{"count":16,"href":"https:\/\/avocat-jouandon.com\/index.php\/wp-json\/wp\/v2\/pages\/2560\/revisions"}],"predecessor-version":[{"id":3154,"href":"https:\/\/avocat-jouandon.com\/index.php\/wp-json\/wp\/v2\/pages\/2560\/revisions\/3154"}],"wp:attachment":[{"href":"https:\/\/avocat-jouandon.com\/index.php\/wp-json\/wp\/v2\/media?parent=2560"}],"curies":[{"name":"wp","href":"https:\/\/api.w.org\/{rel}","templated":true}]}}