{"id":2525,"date":"2024-08-01T17:08:25","date_gmt":"2024-08-01T15:08:25","guid":{"rendered":"https:\/\/avocat-jouandon.com\/?page_id=2525"},"modified":"2026-03-23T18:03:12","modified_gmt":"2026-03-23T17:03:12","slug":"les-services","status":"publish","type":"page","link":"https:\/\/avocat-jouandon.com\/index.php\/les-services\/","title":{"rendered":"Services"},"content":{"rendered":"\n<div class=\"wp-block-cover alignfull is-light has-parallax\" style=\"min-height:170px;aspect-ratio:unset;\"><span aria-hidden=\"true\" class=\"wp-block-cover__background has-background-dim-0 has-background-dim\" style=\"background-color:#af9b8c\"><\/span><div class=\"wp-block-cover__image-background wp-image-2860 has-parallax\" style=\"background-position:50% 50%;background-image:url(http:\/\/avocat-jouandon.com\/wp-content\/uploads\/2024\/09\/entrepot-logistique-auvray-trans.jpg)\"><\/div><div class=\"wp-block-cover__inner-container is-layout-constrained wp-block-cover-is-layout-constrained\">\n<p class=\"has-text-align-center has-large-font-size\"><\/p>\n<\/div><\/div>\n\n\n\n<div class=\"wp-block-columns is-layout-flex wp-container-core-columns-is-layout-1 wp-block-columns-is-layout-flex\">\n<div class=\"wp-block-column is-layout-flow wp-block-column-is-layout-flow\">\n<p class=\"has-text-color has-link-color has-medium-font-size wp-elements-1f3de8f5f752dd439c9328bfa485f156\" style=\"color:#adadad\"><strong>NOS SERVICES<\/strong><\/p>\n\n\n\n<h2 style=\"text-align: justify;\"><strong><span style=\"color: #032b64;\">CONSEIL JURIDIQUE ET REDACTION<\/span><\/strong><\/h2>\n<p style=\"text-align: justify;\"><span style=\"color: #000000;\">Me Marc Jouandon propose un <strong>service de conseil juridique, ponctuel ou permanent, pour les entreprises ou particuliers,<\/strong> afin de d\u00e9terminer les normes juridiques \u00e0 appliquer (nationales, europ\u00e9ennes et internationales) et les meilleurs pratiques \u00e0 suivre. En compl\u00e9ment, notre Cabinet peut proposer la <strong>r\u00e9daction de tous documents utiles<\/strong> de nature contractuelle, r\u00e9glementaire, conventionnelle, ou simples communications internes.<\/span><\/p>\n<h2 style=\"text-align: justify;\"><strong><span style=\"color: #032b64;\">NEGOCIATION<\/span><\/strong><\/h2>\n<p style=\"text-align: justify;\"><span style=\"color: #000000;\">Afin de vous <strong>\u00e9viter les al\u00e9as inh\u00e9rents \u00e0 toute action judiciaire<\/strong>, notre Cabinet peut n\u00e9gocier dans votre int\u00e9r\u00eat une <strong>r\u00e9solution amiable d\u2019un conflit en parfaite connaissance de votre situation<\/strong> (objectifs essentiels, contraintes et capacit\u00e9s financi\u00e8res), du cadre juridique, au moyen d\u2019un <strong>dialogue s\u00e9rieux avec vos interlocuteurs.<\/strong><\/span><\/p>\n<p style=\"text-align: justify;\"><span style=\"color: #000000;\">Me Marc Jouandon dispose d\u2019une <strong>forte expertise dans la n\u00e9gociation de solutions amiables s\u00fbres, rapides et \u00e9quitables,<\/strong> dans des situations \u00e0 haute criticit\u00e9, avec une pluralit\u00e9 de parties contractantes et des enjeux financiers et r\u00e9putationnels \u00e9lev\u00e9s.<\/span><\/p>\n<h2 style=\"text-align: justify;\"><strong><span style=\"color: #032b64;\">ASSISTANCE ET REPRESENTATION EN JUSTICE<\/span><\/strong><\/h2>\n<p style=\"text-align: justify;\"><span style=\"color: #000000;\">Notre Cabinet peut vous <strong>assister ou repr\u00e9senter devant toutes les juridictions, en premi\u00e8re instance et appel, en France et en Italie.<\/strong> Nous pouvons aussi r\u00e9aliser un premier examen d\u2019opportunit\u00e9 d\u2019un pourvoi en cassation.<\/span><\/p>\n\n\n\n<h1 style=\"text-align: center;\"><span style=\"color: #032b64;\">\u2234<\/span><\/h1>\n\n\n\n<h2 style=\"text-align: justify;\"><strong><span style=\"color: #032b64;\">GESTION DES RESSOURCES HUMAINES<\/span><\/strong><\/h2>\n<p style=\"text-align: justify;\"><span style=\"color: #000000;\">Me Marc Jouandon, <strong>ancien responsable des affaires sociales des Editions Gallimard<\/strong>, groupe pr\u00e9f\u00e9r\u00e9 des salari\u00e9s des m\u00e9dias et de la communication, <strong>am\u00e9liore la gestion de vos ressources humaines dans la transparence et l\u2019efficacit\u00e9<\/strong> :<\/span><\/p>\n<ul style=\"text-align: justify;\">\n<li><span style=\"color: #000000;\">Attractivit\u00e9 de l\u2019entreprise,<\/span><\/li>\n<li><span style=\"color: #000000;\">Assistance au recrutement,<\/span><\/li>\n<li><span style=\"color: #000000;\">Outils de motivation des \u00e9quipes,<\/span><\/li>\n<li><span style=\"color: #000000;\">Accompagnement de collaborateurs en difficult\u00e9,<\/span><\/li>\n<li><span style=\"color: #000000;\">Travail sur la productivit\u00e9 des services,<\/span><\/li>\n<li><span style=\"color: #000000;\">Optimisation de la masse salariale,<\/span><\/li>\n<li><span style=\"color: #000000;\">Gestion de crises et communication de la Direction,<\/span><\/li>\n<li><span style=\"color: #000000;\">Strat\u00e9gies pr\u00e9visionnelles.<\/span><\/li>\n<\/ul>\n<p style=\"text-align: justify;\"><span style=\"color: #000000;\">Au besoin, notre Cabinet peut pr\u00e9voir l\u2019<strong>organisation de formations pratiques courtes, sur site ou \u00e0 distance<\/strong>, avec supports didactiques, sur des th\u00e9matiques \u00e0 enjeux pour l\u2019entreprise.<\/span><\/p>\n<h2><strong><span style=\"color: #032b64;\">AUDIT DES PRATIQUES SOCIALES<\/span><\/strong><\/h2>\n<p style=\"text-align: justify;\"><span style=\"color: #000000;\">Au d\u00e9but de notre collaboration ou \u00e0 des \u00e9tapes clefs de votre d\u00e9veloppement, notre Cabinet <strong>peut vous proposer une analyse compl\u00e8te de vos pratiques sociales<\/strong>. Apr\u00e8s un travail sur pi\u00e8ces, nous proc\u00e9dons \u00e0 des v\u00e9rifications sur site, puis \u00e0 la remise d\u2019un rapport d\u2019observations et de propositions d\u2019am\u00e9liorations.<\/span><\/p>\n<\/div>\n<\/div>\n","protected":false},"excerpt":{"rendered":"<p>NOS SERVICES CONSEIL JURIDIQUE ET REDACTION Me Marc Jouandon propose un service de conseil juridique, ponctuel ou permanent, pour les entreprises ou particuliers, afin de d\u00e9terminer les normes juridiques \u00e0 appliquer (nationales, europ\u00e9ennes et internationales) et les meilleurs pratiques \u00e0 suivre. En compl\u00e9ment, notre Cabinet peut proposer la r\u00e9daction de tous documents utiles de nature [&hellip;]<\/p>\n","protected":false},"author":1,"featured_media":0,"parent":0,"menu_order":0,"comment_status":"closed","ping_status":"closed","template":"","meta":{"site-sidebar-layout":"default","site-content-layout":"","ast-site-content-layout":"","site-content-style":"default","site-sidebar-style":"default","ast-global-header-display":"","ast-banner-title-visibility":"","ast-main-header-display":"","ast-hfb-above-header-display":"","ast-hfb-below-header-display":"","ast-hfb-mobile-header-display":"","site-post-title":"disabled","ast-breadcrumbs-content":"","ast-featured-img":"","footer-sml-layout":"","theme-transparent-header-meta":"","adv-header-id-meta":"","stick-header-meta":"","header-above-stick-meta":"","header-main-stick-meta":"","header-below-stick-meta":"","astra-migrate-meta-layouts":"default","ast-page-background-enabled":"default","ast-page-background-meta":{"desktop":{"background-color":"var(--ast-global-color-4)","background-image":"","background-repeat":"repeat","background-position":"center center","background-size":"auto","background-attachment":"scroll","background-type":"","background-media":"","overlay-type":"","overlay-color":"","overlay-gradient":""},"tablet":{"background-color":"","background-image":"","background-repeat":"repeat","background-position":"center center","background-size":"auto","background-attachment":"scroll","background-type":"","background-media":"","overlay-type":"","overlay-color":"","overlay-gradient":""},"mobile":{"background-color":"","background-image":"","background-repeat":"repeat","background-position":"center center","background-size":"auto","background-attachment":"scroll","background-type":"","background-media":"","overlay-type":"","overlay-color":"","overlay-gradient":""}},"ast-content-background-meta":{"desktop":{"background-color":"var(--ast-global-color-5)","background-image":"","background-repeat":"repeat","background-position":"center center","background-size":"auto","background-attachment":"scroll","background-type":"","background-media":"","overlay-type":"","overlay-color":"","overlay-gradient":""},"tablet":{"background-color":"var(--ast-global-color-5)","background-image":"","background-repeat":"repeat","background-position":"center center","background-size":"auto","background-attachment":"scroll","background-type":"","background-media":"","overlay-type":"","overlay-color":"","overlay-gradient":""},"mobile":{"background-color":"var(--ast-global-color-5)","background-image":"","background-repeat":"repeat","background-position":"center center","background-size":"auto","background-attachment":"scroll","background-type":"","background-media":"","overlay-type":"","overlay-color":"","overlay-gradient":""}},"footnotes":""},"_links":{"self":[{"href":"https:\/\/avocat-jouandon.com\/index.php\/wp-json\/wp\/v2\/pages\/2525"}],"collection":[{"href":"https:\/\/avocat-jouandon.com\/index.php\/wp-json\/wp\/v2\/pages"}],"about":[{"href":"https:\/\/avocat-jouandon.com\/index.php\/wp-json\/wp\/v2\/types\/page"}],"author":[{"embeddable":true,"href":"https:\/\/avocat-jouandon.com\/index.php\/wp-json\/wp\/v2\/users\/1"}],"replies":[{"embeddable":true,"href":"https:\/\/avocat-jouandon.com\/index.php\/wp-json\/wp\/v2\/comments?post=2525"}],"version-history":[{"count":13,"href":"https:\/\/avocat-jouandon.com\/index.php\/wp-json\/wp\/v2\/pages\/2525\/revisions"}],"predecessor-version":[{"id":2896,"href":"https:\/\/avocat-jouandon.com\/index.php\/wp-json\/wp\/v2\/pages\/2525\/revisions\/2896"}],"wp:attachment":[{"href":"https:\/\/avocat-jouandon.com\/index.php\/wp-json\/wp\/v2\/media?parent=2525"}],"curies":[{"name":"wp","href":"https:\/\/api.w.org\/{rel}","templated":true}]}}