{"id":2150,"date":"2024-07-31T18:23:42","date_gmt":"2024-07-31T16:23:42","guid":{"rendered":"https:\/\/avocat-jouandon.com\/?page_id=2150"},"modified":"2026-03-24T15:36:48","modified_gmt":"2026-03-24T14:36:48","slug":"activite","status":"publish","type":"page","link":"https:\/\/avocat-jouandon.com\/index.php\/activite\/","title":{"rendered":"Autres expertises"},"content":{"rendered":"\n<div class=\"wp-block-cover alignfull has-parallax\" style=\"min-height:170px;aspect-ratio:unset;\"><span aria-hidden=\"true\" class=\"wp-block-cover__background has-background-dim-0 has-background-dim\" style=\"background-color:#7e8177\"><\/span><div class=\"wp-block-cover__image-background wp-image-1163 has-parallax\" style=\"background-position:50% 50%;background-image:url(http:\/\/avocat-jouandon.com\/wp-content\/uploads\/2023\/12\/echangeur_autoroute_0f07018054.jpg)\"><\/div><div class=\"wp-block-cover__inner-container is-layout-constrained wp-block-cover-is-layout-constrained\">\n<p class=\"has-text-align-center has-large-font-size\"><\/p>\n<\/div><\/div>\n\n\n\n<div class=\"wp-block-columns is-layout-flex wp-container-core-columns-is-layout-1 wp-block-columns-is-layout-flex\">\n<div class=\"wp-block-column is-layout-flow wp-block-column-is-layout-flow\">\n<p class=\"has-text-color has-link-color has-medium-font-size wp-elements-17786986a1fb29bdec92f4766c5ae9e4\" style=\"color:#adadad\"><strong>NOTRE ACTIVITE<\/strong><\/p>\n\n\n\n<p style=\"text-align: justify;\"><span style=\"color: #000000;\">En France et en Italie, nous\u00a0<strong>accompagnons les PME fran\u00e7aises et italiennes en droit de l\u2019entreprise<\/strong>\u00a0(soci\u00e9t\u00e9s et commercial, fiscalit\u00e9 et travail)\u00a0<strong>\u00e0 toutes les \u00e9tapes de leur d\u00e9veloppement<\/strong>\u00a0avec une\u00a0<strong>connaissance pratique de l\u2019entreprise<\/strong>. Nous conseillons \u00e9galement\u00a0<strong>les particuliers sur les probl\u00e9matiques juridiques du quotidien<\/strong>\u00a0(administration, famille, patrimoine, emploi).<\/span><\/p>\n<p style=\"text-align: justify;\"><span style=\"color: #000000;\">Notre activit\u00e9\u00a0<strong>entre les deux pays<\/strong>\u00a0garantit une\u00a0<strong>continuit\u00e9 dans la prise en charge<\/strong>\u00a0de votre situation, la\u00a0<strong>suppression des interm\u00e9diaires<\/strong>\u00a0co\u00fbteux et peu fiables, ainsi qu\u2019une\u00a0<strong>parfaite connaissance des lois nationales et des sp\u00e9cificit\u00e9s culturelles<\/strong>.<\/span><\/p>\n<\/div>\n<\/div>\n\n\n\n<div class=\"wp-block-columns is-layout-flex wp-container-core-columns-is-layout-2 wp-block-columns-is-layout-flex\" style=\"margin-top:var(--wp--preset--spacing--30);margin-bottom:var(--wp--preset--spacing--40);padding-top:0px;padding-right:0px;padding-bottom:0px;padding-left:0px\">\n<div class=\"wp-block-column is-layout-flow wp-block-column-is-layout-flow\">\n<h1 style=\"text-align: center;\"><span style=\"color: #032b64;\">EN FRANCE<\/span><\/h1>\n\n\n\n<figure class=\"wp-block-image aligncenter size-large\"><a href=\"https:\/\/avocat-jouandon.com\/index.php\/activiteenfrance\/\"><img loading=\"lazy\" decoding=\"async\" width=\"1024\" height=\"842\" src=\"https:\/\/avocat-jouandon.com\/wp-content\/uploads\/2024\/07\/france-TEST-e1722504986306-1024x842.jpg\" alt=\"\" class=\"wp-image-2178\" style=\"object-fit:cover\" srcset=\"https:\/\/avocat-jouandon.com\/wp-content\/uploads\/2024\/07\/france-TEST-e1722504986306-1024x842.jpg 1024w, https:\/\/avocat-jouandon.com\/wp-content\/uploads\/2024\/07\/france-TEST-e1722504986306-300x247.jpg 300w, https:\/\/avocat-jouandon.com\/wp-content\/uploads\/2024\/07\/france-TEST-e1722504986306-768x632.jpg 768w, https:\/\/avocat-jouandon.com\/wp-content\/uploads\/2024\/07\/france-TEST-e1722504986306-1536x1264.jpg 1536w, https:\/\/avocat-jouandon.com\/wp-content\/uploads\/2024\/07\/france-TEST-e1722504986306.jpg 1997w\" sizes=\"(max-width: 1024px) 100vw, 1024px\" \/><\/a><\/figure>\n<\/div>\n\n\n\n<div class=\"wp-block-column is-layout-flow wp-block-column-is-layout-flow\" style=\"border-style:none;border-width:0px;padding-top:0px;padding-right:0px;padding-bottom:0px;padding-left:0px\">\n<h1 style=\"text-align: center;\"><span style=\"color: #032b64;\">EN ITALIE<\/span><\/h1>\n\n\n\n<figure class=\"wp-block-image aligncenter size-large\"><a href=\"https:\/\/avocat-jouandon.com\/index.php\/activiteenitalie\/\"><img loading=\"lazy\" decoding=\"async\" width=\"1024\" height=\"780\" src=\"https:\/\/avocat-jouandon.com\/wp-content\/uploads\/2024\/07\/italia-TEST-e1722505031966-1024x780.jpg\" alt=\"\" class=\"wp-image-2179\" style=\"object-fit:cover\" srcset=\"https:\/\/avocat-jouandon.com\/wp-content\/uploads\/2024\/07\/italia-TEST-e1722505031966-1024x780.jpg 1024w, https:\/\/avocat-jouandon.com\/wp-content\/uploads\/2024\/07\/italia-TEST-e1722505031966-300x228.jpg 300w, https:\/\/avocat-jouandon.com\/wp-content\/uploads\/2024\/07\/italia-TEST-e1722505031966-768x585.jpg 768w, https:\/\/avocat-jouandon.com\/wp-content\/uploads\/2024\/07\/italia-TEST-e1722505031966-1536x1170.jpg 1536w, https:\/\/avocat-jouandon.com\/wp-content\/uploads\/2024\/07\/italia-TEST-e1722505031966.jpg 2000w\" sizes=\"(max-width: 1024px) 100vw, 1024px\" \/><\/a><\/figure>\n<\/div>\n<\/div>\n","protected":false},"excerpt":{"rendered":"<p>NOTRE ACTIVITE En France et en Italie, nous\u00a0accompagnons les PME fran\u00e7aises et italiennes en droit de l\u2019entreprise\u00a0(soci\u00e9t\u00e9s et commercial, fiscalit\u00e9 et travail)\u00a0\u00e0 toutes les \u00e9tapes de leur d\u00e9veloppement\u00a0avec une\u00a0connaissance pratique de l\u2019entreprise. Nous conseillons \u00e9galement\u00a0les particuliers sur les probl\u00e9matiques juridiques du quotidien\u00a0(administration, famille, patrimoine, emploi). Notre activit\u00e9\u00a0entre les deux pays\u00a0garantit une\u00a0continuit\u00e9 dans la prise en [&hellip;]<\/p>\n","protected":false},"author":1,"featured_media":0,"parent":0,"menu_order":0,"comment_status":"closed","ping_status":"closed","template":"","meta":{"site-sidebar-layout":"default","site-content-layout":"","ast-site-content-layout":"","site-content-style":"default","site-sidebar-style":"default","ast-global-header-display":"","ast-banner-title-visibility":"","ast-main-header-display":"","ast-hfb-above-header-display":"","ast-hfb-below-header-display":"","ast-hfb-mobile-header-display":"","site-post-title":"disabled","ast-breadcrumbs-content":"","ast-featured-img":"","footer-sml-layout":"","theme-transparent-header-meta":"","adv-header-id-meta":"","stick-header-meta":"","header-above-stick-meta":"","header-main-stick-meta":"","header-below-stick-meta":"","astra-migrate-meta-layouts":"default","ast-page-background-enabled":"default","ast-page-background-meta":{"desktop":{"background-color":"var(--ast-global-color-4)","background-image":"","background-repeat":"repeat","background-position":"center center","background-size":"auto","background-attachment":"scroll","background-type":"","background-media":"","overlay-type":"","overlay-color":"","overlay-gradient":""},"tablet":{"background-color":"","background-image":"","background-repeat":"repeat","background-position":"center center","background-size":"auto","background-attachment":"scroll","background-type":"","background-media":"","overlay-type":"","overlay-color":"","overlay-gradient":""},"mobile":{"background-color":"","background-image":"","background-repeat":"repeat","background-position":"center center","background-size":"auto","background-attachment":"scroll","background-type":"","background-media":"","overlay-type":"","overlay-color":"","overlay-gradient":""}},"ast-content-background-meta":{"desktop":{"background-color":"var(--ast-global-color-5)","background-image":"","background-repeat":"repeat","background-position":"center center","background-size":"auto","background-attachment":"scroll","background-type":"","background-media":"","overlay-type":"","overlay-color":"","overlay-gradient":""},"tablet":{"background-color":"var(--ast-global-color-5)","background-image":"","background-repeat":"repeat","background-position":"center center","background-size":"auto","background-attachment":"scroll","background-type":"","background-media":"","overlay-type":"","overlay-color":"","overlay-gradient":""},"mobile":{"background-color":"var(--ast-global-color-5)","background-image":"","background-repeat":"repeat","background-position":"center center","background-size":"auto","background-attachment":"scroll","background-type":"","background-media":"","overlay-type":"","overlay-color":"","overlay-gradient":""}},"footnotes":""},"_links":{"self":[{"href":"https:\/\/avocat-jouandon.com\/index.php\/wp-json\/wp\/v2\/pages\/2150"}],"collection":[{"href":"https:\/\/avocat-jouandon.com\/index.php\/wp-json\/wp\/v2\/pages"}],"about":[{"href":"https:\/\/avocat-jouandon.com\/index.php\/wp-json\/wp\/v2\/types\/page"}],"author":[{"embeddable":true,"href":"https:\/\/avocat-jouandon.com\/index.php\/wp-json\/wp\/v2\/users\/1"}],"replies":[{"embeddable":true,"href":"https:\/\/avocat-jouandon.com\/index.php\/wp-json\/wp\/v2\/comments?post=2150"}],"version-history":[{"count":59,"href":"https:\/\/avocat-jouandon.com\/index.php\/wp-json\/wp\/v2\/pages\/2150\/revisions"}],"predecessor-version":[{"id":3270,"href":"https:\/\/avocat-jouandon.com\/index.php\/wp-json\/wp\/v2\/pages\/2150\/revisions\/3270"}],"wp:attachment":[{"href":"https:\/\/avocat-jouandon.com\/index.php\/wp-json\/wp\/v2\/media?parent=2150"}],"curies":[{"name":"wp","href":"https:\/\/api.w.org\/{rel}","templated":true}]}}