{"id":2,"date":"2023-06-30T15:49:01","date_gmt":"2023-06-30T13:49:01","guid":{"rendered":"http:\/\/avocat-jouandon.com\/?page_id=2"},"modified":"2026-03-25T15:48:59","modified_gmt":"2026-03-25T14:48:59","slug":"honorairesetdeontologie","status":"publish","type":"page","link":"https:\/\/avocat-jouandon.com\/index.php\/honorairesetdeontologie\/","title":{"rendered":"Honoraires et d\u00e9ontologie"},"content":{"rendered":"\n<div class=\"wp-block-cover alignfull is-light has-parallax\" style=\"margin-top:0;min-height:205px;aspect-ratio:unset;\"><span aria-hidden=\"true\" class=\"wp-block-cover__background has-background-dim-0 has-background-dim\"><\/span><div class=\"wp-block-cover__image-background wp-image-1253 has-parallax\" style=\"background-position:50% 50%;background-image:url(http:\/\/avocat-jouandon.com\/wp-content\/uploads\/2023\/12\/Saluer_correctement-nouveau-1-scaled.jpg)\"><\/div><div class=\"wp-block-cover__inner-container is-layout-flow wp-block-cover-is-layout-flow\">\n<p class=\"has-text-align-center has-large-font-size\"><\/p>\n<\/div><\/div>\n\n\n\n<div class=\"wp-block-columns is-layout-flex wp-container-core-columns-is-layout-1 wp-block-columns-is-layout-flex\">\n<div class=\"wp-block-column is-layout-flow wp-block-column-is-layout-flow\">\n<p class=\"has-text-color has-medium-font-size\" style=\"color:#adadad\"><strong>Honoraires &amp; D\u00e9ontologie<\/strong><\/p>\n\n\n\n<h2 style=\"text-align: justify;\"><span style=\"color: #044689;\">Une action dans les <strong>LIMITES DE VOTRE ACCORD<\/strong> \u00e9crit et circonstanci\u00e9<\/span><\/h2>\n<p style=\"text-align: justify;\"><span style=\"color: #000000;\">Sauf urgence ou force majeure, pr\u00e9alablement au commencement de tout type de prestation, <strong>une convention d\u2019honoraires sera syst\u00e9matiquement r\u00e9gularis\u00e9e<\/strong> d\u00e9finissant notre relation contractuelle&nbsp;:<\/span><\/p>\n<ul>\n<li style=\"text-align: justify;\"><span style=\"color: #000000;\"><strong>caract\u00e9ristiques essentielles<\/strong> de la prestation,<\/span><\/li>\n<li style=\"text-align: justify;\"><span style=\"color: #000000;\"><strong>description d\u00e9taill\u00e9e<\/strong> des travaux indispensables,<\/span><\/li>\n<li style=\"text-align: justify;\"><span style=\"color: #000000;\">modalit\u00e9s de r\u00e9alisation,<\/span><\/li>\n<li style=\"text-align: justify;\"><span style=\"color: #000000;\"><strong>montant ou mode de d\u00e9termination des honoraires<\/strong> et frais,<\/span><\/li>\n<li style=\"text-align: justify;\"><span style=\"color: #000000;\">conditions de <strong>r\u00e8glement, \u00e9ch\u00e9ances et int\u00e9r\u00eats de retard,<\/strong><\/span><\/li>\n<li style=\"text-align: justify;\"><span style=\"color: #000000;\"><strong>cas de rupture<\/strong> de la convention.<\/span><\/li>\n<\/ul>\n<p style=\"text-align: justify;\"><span style=\"color: #000000;\">Dans l\u2019hypoth\u00e8se d\u2019un ajout ou modification du p\u00e9rim\u00e8tre de notre mission, nous vous demanderons de <strong>renouveler, par \u00e9crit, votre accord.<\/strong><\/span><\/p>\n\n\n\n<h1 style=\"text-align: center;\"><span style=\"color: #044689;\"><strong>\u2234<\/strong><\/span><\/h1>\n\n\n\n<h2 style=\"text-align: justify;\"><span style=\"color: #044689;\">Une <strong>FACTURATION RAISONNABLE ET TRANSPARENTE<\/strong><\/span><\/h2>\n<p style=\"text-align: justify;\"><span style=\"color: #000000;\">La <strong>r\u00e9mun\u00e9ration de l\u2019avocat se compose<\/strong> de <strong>l\u2019honoraire<\/strong>&nbsp;(conseil, r\u00e9daction, n\u00e9gociation, assistance ou repr\u00e9sentation en justice) et <strong>des frais avanc\u00e9s pour le compte du client<\/strong>.<\/span><\/p>\n<p style=\"text-align: justify;\"><span style=\"color: #000000;\"><strong><u>L\u2019honoraire<\/u> est fix\u00e9 selon<\/strong> les usages, en fonction de la situation de fortune du client, de la difficult\u00e9 de l\u2019affaire, des frais expos\u00e9s par l\u2019avocat, de la notori\u00e9t\u00e9 et des diligences. Notre Cabinet <strong>applique une politique de facturation raisonnable.<\/strong><\/span><\/p>\n<p style=\"text-align: center;\"><span style=\"text-decoration: underline;\"><span style=\"color: #000000;\">Tarifs des honoraires les plus communs<\/span><\/span><\/p>\n\n\n\n<figure class=\"wp-block-table aligncenter is-style-stripes\" style=\"font-size:15px\"><table class=\"has-ast-global-color-7-color has-text-color\" style=\"border-style:none;border-width:0px\"><tbody><tr><td class=\"has-text-align-left\" data-align=\"left\">   <strong>Recherche juridique<\/strong> &#8211; <strong>Audience de proc\u00e9dure<\/strong><\/td><td class=\"has-text-align-left\" data-align=\"left\">      150\u20ac HT\/heure       <\/td><\/tr><tr><td class=\"has-text-align-left\" data-align=\"left\">   <strong>Conseil juridique ou RH<\/strong> &#8211; <strong>R\u00e9daction &#8211; Audit<\/strong>&nbsp; &nbsp;<\/td><td class=\"has-text-align-left\" data-align=\"left\">      200\u20ac HT\/heure               <\/td><\/tr><tr><td class=\"has-text-align-left\" data-align=\"left\">   <strong>N\u00e9gociation<\/strong> &#8211; <strong>Audience de plaidoirie<\/strong><\/td><td class=\"has-text-align-left\" data-align=\"left\">      250\u20ac HT\/heure                 <\/td><\/tr><tr><td class=\"has-text-align-left\" data-align=\"left\"><strong>Conseil fiscalit\u00e9 internationale<\/strong><\/td><td class=\"has-text-align-left\" data-align=\"left\">250\u20ac HT\/heure<\/td><\/tr><\/tbody><\/table><\/figure>\n\n\n\n<p style=\"text-align: justify;\"><span style=\"color: #000000;\"><strong>L\u2019honoraire de base<\/strong> peut <strong>\u00eatre fix\u00e9 au temps pass\u00e9 <\/strong>ou bien de <strong>mani\u00e8re forfaitaire<\/strong> augment\u00e9, le cas \u00e9ch\u00e9ant, d\u2019un <strong>honoraire de r\u00e9sultat<\/strong> en fonction des gains effectivement obtenus et recouvr\u00e9s ou de l\u2019\u00e9conomie r\u00e9alis\u00e9e d\u00e9finitivement acquise.<\/span><\/p>\n<p style=\"text-align: justify;\"><span style=\"color: #000000;\">L\u2019<strong>honoraire de base sera factur\u00e9 par acomptes successifs,<\/strong> le premier intervenant pr\u00e9alablement au commencement de la prestation. Tous les honoraires seront, <strong>le cas \u00e9ch\u00e9ant, major\u00e9s de la Tva<\/strong> au taux en vigueur \u00e0 la date de la facturation et <strong>pay\u00e9s selon les modalit\u00e9s pr\u00e9vues par la loi<\/strong> (not.&nbsp;: virement bancaire et esp\u00e8ces).<\/span><\/p>\n<p style=\"text-align: justify;\"><span style=\"color: #000000;\"><strong><u>Les frais<\/u><\/strong> stricto sensu s\u2019entendent des d\u00e9penses engag\u00e9es par l\u2019avocat dans le cadre de la r\u00e9alisation d\u2019une prestation et sont soumis \u00e0 TVA.<\/span><\/p>\n<p style=\"text-align: center;\"><span style=\"text-decoration: underline;\"><span style=\"color: #000000; text-decoration: underline;\">Tarifs des frais les plus communs<\/span><\/span><\/p>\n\n\n\n<figure class=\"wp-block-table aligncenter is-style-stripes\" style=\"font-size:15px\"><table class=\"has-ast-global-color-7-color has-text-color\" style=\"border-style:none;border-width:0px\"><tbody><tr><td class=\"has-text-align-left\" data-align=\"left\"><strong>D\u00e9placement<\/strong> <br>1&lt;4h accessible en transport en commun <\/td><td><br>titres de transport<\/td><\/tr><tr><td class=\"has-text-align-left\" data-align=\"left\">1&lt;4h non accessible en transport en commun<\/td><td>frais d\u2019essence<\/td><\/tr><tr><td class=\"has-text-align-left\" data-align=\"left\">&gt;4h en transport en commun<\/td><td>billets d\u2019avion (low-cost ou classe \u00e9co)<\/td><\/tr><tr><td class=\"has-text-align-left\" data-align=\"left\"><strong>Trajet urbain<\/strong>&nbsp; <\/td><td>titres de transport ou, si contraintes particuli\u00e8res, taxi<\/td><\/tr><tr><td class=\"has-text-align-left\" data-align=\"left\"><strong>H\u00f4tel<\/strong><\/td><td>nuit\u00e9e max. 150\u20ac<\/td><\/tr><tr><td class=\"has-text-align-left\" data-align=\"left\"><strong>Repas<\/strong> <\/td><td>d\u00e9jeuner : max. 20\u20ac<br>diner : max. 30\u20ac<\/td><\/tr><tr><td class=\"has-text-align-left\" data-align=\"left\"><strong>Envois postaux<\/strong> <strong>standards<\/strong><\/td><td>tarif postaux<\/td><\/tr><tr><td class=\"has-text-align-left\" data-align=\"left\"><strong>Envois sp\u00e9ciaux<\/strong><\/td><td>mise en concurrence prestataires<\/td><\/tr><tr><td class=\"has-text-align-left\" data-align=\"left\"><strong>Reprographie<\/strong><\/td><td>10\u20ac\/100 pages NB<\/td><\/tr><\/tbody><\/table><\/figure>\n\n\n\n<p style=\"text-align: justify;\"><span style=\"color: #000000;\"><strong><u>Les d\u00e9bours<\/u><\/strong> sont d\u2019autres <strong>frais avanc\u00e9s pour le compte personnel du client<\/strong> et non soumis \u00e0 Tva (not. droits de plaidoirie, frais de publicit\u00e9 l\u00e9gale, frais de greffe, honoraires d\u2019expert, frais et \u00e9moluments des huissiers de justice).<\/span><\/p>\n<p style=\"text-align: justify;\"><span style=\"color: #000000;\">Rappelons qu\u2019en cas de victoire de l\u2019action judiciaire, le juge peut condamner la partie adverse au remboursement de tout ou partie des frais engag\u00e9s par le client au titre des <strong>d\u00e9pens.<\/strong><\/span><\/p>\n\n\n\n<h1 style=\"text-align: center;\"><span style=\"color: #044689;\"><strong>\u2234<\/strong><\/span><\/h1>\n\n\n\n<h2 style=\"text-align: justify;\"><span style=\"color: #044689;\"><strong>NOTRE DEONTOLOGIE : <\/strong>gage de qualit\u00e9 et de protection de vos int\u00e9r\u00eats<\/span><\/h2>\n<p style=\"text-align: justify;\"><span style=\"color: #000000;\">Notre Cabinet <strong>applique au quotidien les principes essentiels de la profession.<\/strong><\/span><\/p>\n<h3><span style=\"text-decoration: underline;\"><span style=\"color: #032b64; text-decoration: underline;\">EN FRANCE<\/span><\/span><\/h3>\n<p style=\"text-align: justify;\">\u00a0\u00a0\u00a0\u00a0\u00a0\u00a0\u00a0\u00a0\u00a0\u00a0\u00a0\u00a0\u00a0\u00a0<span style=\"color: #808080;\">\u00a0 <em>\u00ab\u00a0L&rsquo;avocat <strong>exerce ses fonctions avec dignit\u00e9, conscience, ind\u00e9pendance, probit\u00e9 et humanit\u00e9<\/strong>, dans le respect des termes de son serment. Il respecte en outre, dans cet exercice, les <strong>principes d&rsquo;honneur, de loyaut\u00e9, d&rsquo;\u00e9galit\u00e9 et de non-discrimination, de d\u00e9sint\u00e9ressement<\/strong>, de confraternit\u00e9, de d\u00e9licatesse, de mod\u00e9ration et de courtoisie. Il f<strong>ait preuve, \u00e0 l&rsquo;\u00e9gard de ses clients, de comp\u00e9tence, de d\u00e9vouement, de diligence et de prudence<\/strong> \u00bb. <\/em>R\u00e8glement Int\u00e9rieur National de la Profession d&rsquo;avocat, article 1.3<\/span><\/p>\n<p><span style=\"color: #000000;\">Pour connaitre toutes <strong><a style=\"color: #000000;\" href=\"https:\/\/www.cnb.avocat.fr\/fr\/reglement-interieur-national-de-la-profession-davocat-rin\" target=\"_blank\" rel=\"noopener\">nos r\u00e8gles d\u00e9ontologiques.<\/a><\/strong><\/span><\/p>\n<p style=\"text-align: justify;\"><span style=\"color: #000000;\">Toute contravention aux lois et r\u00e8glements, toute infraction aux r\u00e8gles professionnelles, tout manquement \u00e0 la probit\u00e9, \u00e0 l\u2019honneur ou \u00e0 la d\u00e9licatesse, m\u00eame se rapportant \u00e0 des faits extraprofessionnels, <strong>expose l\u2019avocat qui en est l\u2019auteur \u00e0 des sanctions disciplinaires<\/strong>. Le conseil de l\u2019Ordre du barreau de Paris si\u00e9geant comme conseil de discipline conna\u00eet des infractions et fautes commises par les avocats qui y sont inscrits.<\/span><\/p>\n<p style=\"text-align: justify;\"><span style=\"color: #000000;\">Tout client-consommateur, en cas de diff\u00e9rend relatif aux honoraires de son avocat, peut par ailleurs saisir le <strong>m\u00e9diateur de la consommation de la profession d\u2019avocat<\/strong>, Madame Carole Pascarel, 180 boulevard Haussmann, 75008 Paris (<a style=\"color: #000000; text-decoration: underline;\" href=\"mailto:mediateur-conso@mediateur-consommation-avocat.fr\">mediateur-conso@mediateur-consommation-avocat.fr<\/a>).<\/span><\/p>\n\n\n\n<figure class=\"wp-block-image aligncenter size-full is-resized has-custom-border\"><a href=\"https:\/\/www.avocatparis.org\/\" target=\"_blank\" rel=\"noreferrer noopener\"><img loading=\"lazy\" decoding=\"async\" width=\"416\" height=\"161\" src=\"http:\/\/avocat-jouandon.com\/wp-content\/uploads\/2024\/01\/Logo-ecran-16-9e-2-e1704727037437.png\" alt=\"\" class=\"wp-image-2050\" style=\"border-radius:20px;width:192px;height:69px\" srcset=\"https:\/\/avocat-jouandon.com\/wp-content\/uploads\/2024\/01\/Logo-ecran-16-9e-2-e1704727037437.png 416w, https:\/\/avocat-jouandon.com\/wp-content\/uploads\/2024\/01\/Logo-ecran-16-9e-2-e1704727037437-300x116.png 300w\" sizes=\"(max-width: 416px) 100vw, 416px\" \/><\/a><\/figure>\n\n\n\n<h3><span style=\"text-decoration: underline;\"><span style=\"color: #032b64; text-decoration: underline;\">EN ITALIE<\/span><\/span><\/h3>\n<p style=\"text-align: justify;\"><span style=\"color: #adadad;\">\u00a0 \u00a0 \u00a0 \u00a0 \u00a0 <span style=\"color: #808080;\">\u00ab L&rsquo;avocat <strong>exerce son activit\u00e9 professionnelle avec ind\u00e9pendance, loyaut\u00e9, probit\u00e9, dignit\u00e9, biens\u00e9ance, diligence et comp\u00e9tence,<\/strong> en tenant compte de l&rsquo;importance constitutionnelle et sociale de la d\u00e9fense et en respectant les principes d&rsquo;une concurrence loyale et \u00e9quitable.\u00a0<\/span><\/span><span style=\"color: #808080;\">L&rsquo;avocat, <strong>m\u00eame en dehors de son activit\u00e9 professionnelle, doit observer les devoirs de probit\u00e9, de dignit\u00e9 et de biens\u00e9ance<\/strong>, en sauvegardant sa propre r\u00e9putation et l&rsquo;image de la profession d&rsquo;avocat \u00bb. Code national de d\u00e9ontologie, article 9.<\/span><\/p>\n<p><span style=\"color: #000000;\">Pour connaitre toutes <strong><a style=\"color: #000000;\" href=\"https:\/\/www.consiglionazionaleforense.it\/codice-deontologico-forense\" target=\"_blank\" rel=\"noopener\">nos r\u00e8gles d\u00e9ontologiques.<\/a><\/strong><\/span><\/p>\n<p style=\"text-align: justify;\"><span style=\"color: #000000;\">Un particulier qui <strong>souhaite contester la conduite d&rsquo;un avocat<\/strong> inscrit au barreau de Rome doit <strong><a style=\"color: #000000; text-decoration: underline;\" href=\"https:\/\/www.ordineavvocatiroma.it\/faq\/faq-disciplina\/\" target=\"_blank\" rel=\"noopener\">d\u00e9poser une plainte<\/a>.\u00a0<\/strong><\/span><\/p>\n\n\n\n<figure class=\"wp-block-image aligncenter size-full is-resized has-custom-border is-style-default\"><a href=\"https:\/\/www.ordineavvocatiroma.it\/\" target=\"_blank\" rel=\"noreferrer noopener\"><img loading=\"lazy\" decoding=\"async\" width=\"532\" height=\"306\" src=\"http:\/\/avocat-jouandon.com\/wp-content\/uploads\/2024\/09\/Coa-Icone.jpeg\" alt=\"\" class=\"wp-image-3099\" style=\"border-radius:20px;width:250px\" srcset=\"https:\/\/avocat-jouandon.com\/wp-content\/uploads\/2024\/09\/Coa-Icone.jpeg 532w, https:\/\/avocat-jouandon.com\/wp-content\/uploads\/2024\/09\/Coa-Icone-300x173.jpeg 300w\" sizes=\"(max-width: 532px) 100vw, 532px\" \/><\/a><\/figure>\n<\/div>\n<\/div>\n","protected":false},"excerpt":{"rendered":"<p>Honoraires &amp; D\u00e9ontologie Une action dans les LIMITES DE VOTRE ACCORD \u00e9crit et circonstanci\u00e9 Sauf urgence ou force majeure, pr\u00e9alablement au commencement de tout type de prestation, une convention d\u2019honoraires sera syst\u00e9matiquement r\u00e9gularis\u00e9e d\u00e9finissant notre relation contractuelle&nbsp;: caract\u00e9ristiques essentielles de la prestation, description d\u00e9taill\u00e9e des travaux indispensables, modalit\u00e9s de r\u00e9alisation, montant ou mode de d\u00e9termination [&hellip;]<\/p>\n","protected":false},"author":1,"featured_media":0,"parent":0,"menu_order":0,"comment_status":"closed","ping_status":"closed","template":"","meta":{"site-sidebar-layout":"default","site-content-layout":"","ast-site-content-layout":"","site-content-style":"default","site-sidebar-style":"default","ast-global-header-display":"","ast-banner-title-visibility":"","ast-main-header-display":"","ast-hfb-above-header-display":"","ast-hfb-below-header-display":"","ast-hfb-mobile-header-display":"","site-post-title":"disabled","ast-breadcrumbs-content":"","ast-featured-img":"","footer-sml-layout":"","theme-transparent-header-meta":"","adv-header-id-meta":"","stick-header-meta":"","header-above-stick-meta":"","header-main-stick-meta":"","header-below-stick-meta":"","astra-migrate-meta-layouts":"","ast-page-background-enabled":"default","ast-page-background-meta":{"desktop":{"background-color":"var(--ast-global-color-4)","background-image":"","background-repeat":"repeat","background-position":"center center","background-size":"auto","background-attachment":"scroll","background-type":"","background-media":"","overlay-type":"","overlay-color":"","overlay-gradient":""},"tablet":{"background-color":"","background-image":"","background-repeat":"repeat","background-position":"center center","background-size":"auto","background-attachment":"scroll","background-type":"","background-media":"","overlay-type":"","overlay-color":"","overlay-gradient":""},"mobile":{"background-color":"","background-image":"","background-repeat":"repeat","background-position":"center center","background-size":"auto","background-attachment":"scroll","background-type":"","background-media":"","overlay-type":"","overlay-color":"","overlay-gradient":""}},"ast-content-background-meta":{"desktop":{"background-color":"var(--ast-global-color-5)","background-image":"","background-repeat":"repeat","background-position":"center center","background-size":"auto","background-attachment":"scroll","background-type":"","background-media":"","overlay-type":"","overlay-color":"","overlay-gradient":""},"tablet":{"background-color":"var(--ast-global-color-5)","background-image":"","background-repeat":"repeat","background-position":"center center","background-size":"auto","background-attachment":"scroll","background-type":"","background-media":"","overlay-type":"","overlay-color":"","overlay-gradient":""},"mobile":{"background-color":"var(--ast-global-color-5)","background-image":"","background-repeat":"repeat","background-position":"center center","background-size":"auto","background-attachment":"scroll","background-type":"","background-media":"","overlay-type":"","overlay-color":"","overlay-gradient":""}},"footnotes":""},"_links":{"self":[{"href":"https:\/\/avocat-jouandon.com\/index.php\/wp-json\/wp\/v2\/pages\/2"}],"collection":[{"href":"https:\/\/avocat-jouandon.com\/index.php\/wp-json\/wp\/v2\/pages"}],"about":[{"href":"https:\/\/avocat-jouandon.com\/index.php\/wp-json\/wp\/v2\/types\/page"}],"author":[{"embeddable":true,"href":"https:\/\/avocat-jouandon.com\/index.php\/wp-json\/wp\/v2\/users\/1"}],"replies":[{"embeddable":true,"href":"https:\/\/avocat-jouandon.com\/index.php\/wp-json\/wp\/v2\/comments?post=2"}],"version-history":[{"count":169,"href":"https:\/\/avocat-jouandon.com\/index.php\/wp-json\/wp\/v2\/pages\/2\/revisions"}],"predecessor-version":[{"id":3418,"href":"https:\/\/avocat-jouandon.com\/index.php\/wp-json\/wp\/v2\/pages\/2\/revisions\/3418"}],"wp:attachment":[{"href":"https:\/\/avocat-jouandon.com\/index.php\/wp-json\/wp\/v2\/media?parent=2"}],"curies":[{"name":"wp","href":"https:\/\/api.w.org\/{rel}","templated":true}]}}