{"id":160,"date":"2023-11-11T18:34:36","date_gmt":"2023-11-11T17:34:36","guid":{"rendered":"https:\/\/avocat-jouandon.com\/?page_id=160"},"modified":"2024-09-05T16:09:37","modified_gmt":"2024-09-05T14:09:37","slug":"methode","status":"publish","type":"page","link":"https:\/\/avocat-jouandon.com\/index.php\/methode\/","title":{"rendered":"M\u00e9thode"},"content":{"rendered":"\n<div class=\"wp-block-cover alignfull is-light has-parallax\" style=\"min-height:170px;aspect-ratio:unset;\"><span aria-hidden=\"true\" class=\"wp-block-cover__background has-background-dim-0 has-background-dim\"><\/span><div class=\"wp-block-cover__image-background wp-image-1194 has-parallax\" style=\"background-position:50% 50%;background-image:url(http:\/\/avocat-jouandon.com\/wp-content\/uploads\/2023\/12\/rh-scaled.jpg)\"><\/div><div class=\"wp-block-cover__inner-container is-layout-flow wp-block-cover-is-layout-flow\">\n<p class=\"has-text-align-center has-large-font-size\"><\/p>\n<\/div><\/div>\n\n\n\n<div class=\"wp-block-columns is-layout-flex wp-container-core-columns-is-layout-1 wp-block-columns-is-layout-flex\">\n<div class=\"wp-block-column is-layout-flow wp-block-column-is-layout-flow\">\n<p class=\"has-text-color has-medium-font-size\" style=\"color:#adadad\"><strong>NOTRE METHODE DE TRAVAIL<\/strong><\/p>\n\n\n\n<h2 style=\"text-align: justify;\"><span style=\"color: #044689;\"><strong>Un ENGAGEMENT A 100%<\/strong> pour r\u00e9pondre \u00e0 vos attentes<\/span><\/h2>\n<p style=\"text-align: justify;\"><span style=\"color: #000000;\">Notre Cabinet noue avec ses clients un lien de confiance et de respect durable fond\u00e9 sur des m\u00e9thodes de travail transparentes et lisibles.<\/span><\/p>\n<p><span style=\"color: #000000;\"><strong><u>PRISE EN CHARGE TYPE<\/u><\/strong><\/span><\/p>\n<p style=\"text-align: justify;\"><span style=\"color: #000000;\">Lors de la <strong>premi\u00e8re prise de contact<\/strong>, notre Cabinet d\u00e9termine votre probl\u00e9matique juridique et vous questionne sur vos attentes (1). Nous proc\u00e9dons cons\u00e9cutivement <strong>aux premi\u00e8res recherches juridiques<\/strong> en vous demandant si n\u00e9cessaire tout \u00e9l\u00e9ment factuel compl\u00e9mentaire (2). Puis, nous organisons un<strong>\u00a0entretien de restitution<\/strong> pour \u00e9voquer ensemble les <strong>solutions envisageables avec les d\u00e9lais et co\u00fbts approximatifs<\/strong> (masse salariale, frais de justice, honoraires et autres frais)(3). Nous <strong>identifions de concert une solution<\/strong> et <strong>d\u00e9finissons un objectif final pr\u00e9cis<\/strong> et des <strong>objectifs interm\u00e9diaires<\/strong> (4). Au cours de notre mission, <strong>nous vous tenons inform\u00e9 de l\u2019avancement des op\u00e9rations<\/strong> et vous <strong>avisons de toute \u00e9ventuelle difficult\u00e9<\/strong> (5) en vous proposant une solution pratique et adapt\u00e9e.<\/span><\/p>\n\n\n\n<h1 style=\"text-align: center;\"><strong><span style=\"color: #044689;\">\u2234<\/span><\/strong><\/h1>\n\n\n\n<h2 style=\"text-align: justify;\"><span style=\"color: #044689;\">Un service <strong>SOLIDE JURIDIQUEMENT<\/strong> et durable<\/span><\/h2>\n<p style=\"text-align: justify;\"><span style=\"color: #000000;\">Il est de <strong>notre devoir de vous apporter un service juridique fiable<\/strong> par une application exacte de la loi. Pour ce faire, notre Cabinet est \u00e9quip\u00e9 de<strong> bases de donn\u00e9es juridiques professionnelles<\/strong>, de <strong>revues juridiques sp\u00e9cialis\u00e9es<\/strong> et de <strong>nombreux ouvrages de r\u00e9f\u00e9rence<\/strong>.<\/span><\/p>\n<p style=\"text-align: justify;\"><span style=\"color: #000000;\">Afin de <strong>suivre les \u00e9volutions et r\u00e9formes de la soci\u00e9t\u00e9<\/strong>, nous effectuons une <strong>lecture quotidienne de la presse g\u00e9n\u00e9raliste et \u00e9conomique<\/strong>, participons \u00e0 des <strong>colloques et d\u00e9bats,<\/strong> et \u00e9<strong>changeons r\u00e9guli\u00e8rement avec nos pairs<\/strong>. <\/span><\/p>\n<p style=\"text-align: justify;\"><span style=\"color: #000000;\">Enfin, <strong>\u00e0 d\u00e9faut de normes juridiques bien \u00e9tablies<\/strong>, notre Cabinet <strong>recommande la solution la plus s\u00fbre au regard de l\u2019\u00e9tat du droit positif<\/strong> et des meilleures pratiques, en faisant preuve d\u2019innovation et inventivit\u00e9.<\/span><\/p>\n\n\n\n<h1 style=\"text-align: center;\"><strong><span style=\"color: #044689;\">\u2234<\/span><\/strong><\/h1>\n\n\n\n<h2 style=\"text-align: justify;\"><span style=\"color: #044689;\">Une structure <strong>AGILE<\/strong> : <strong>HAUTE QUALITE<\/strong> \u00e0 un <strong>PRIX RAISONNABLE<\/strong><\/span><\/h2>\n<p style=\"text-align: justify;\"><span style=\"color: #000000;\">Pour vous garantir un <strong>service juridique de haute qualit\u00e9<\/strong> et une <strong>disponibilit\u00e9 forte \u00e0 un prix raisonnable<\/strong>, notre Cabinet privil\u00e9gie l\u2019<strong>usage des nouvelles technologies dans son travail.<\/strong><\/span><\/p>\n<p style=\"text-align: justify;\"><span style=\"color: #000000;\">Les <strong>entretiens de travail<\/strong> ont lieu, sauf indication contraire de votre part, par t\u00e9l\u00e9phone ou visioconf\u00e9rence, <strong>pour minimiser nos frais <\/strong>(d\u00e9placements, h\u00f4tel, restaurants, temps improductifs). Chaque entretien a un <strong>objet d\u00e9fini avec des points \u00e0 traiter et une dur\u00e9e limit\u00e9e<\/strong>. Notre Cabinet <strong>vous accuse r\u00e9ception des \u00e9l\u00e9ments transmis d\u00e8s leur r\u00e9ception<\/strong> pour v\u00e9rifier la bonne compl\u00e9tude et lisibilit\u00e9 des \u00e9l\u00e9ments.<\/span><\/p>\n<p style=\"text-align: justify;\"><span style=\"color: #000000;\">Notre Cabinet <strong>privil\u00e9gie la messagerie informatique<\/strong> (mail ou messageries instantan\u00e9es) pour la quasi-totalit\u00e9 des envois \u00e0 sa client\u00e8le, \u00e0 l\u2019exception des documents originaux et actes judiciaires.<\/span><\/p>\n\n\n\n<h1 style=\"text-align: center;\"><strong><span style=\"color: #044689;\">\u2234<\/span><\/strong><\/h1>\n\n\n\n<h2 style=\"text-align: justify;\"><span style=\"color: #044689;\">La <strong>FORCE DE NOTRE RESEAU<\/strong> de professionnels<\/span><\/h2>\n<p style=\"text-align: justify;\"><span style=\"color: #000000;\">Pour <strong>disposer de la disponibilit\u00e9 n\u00e9cessaire aux dossiers urgents ou sensibles,<\/strong> nous <strong>pouvons d\u00e9l\u00e9guer, sauf contrindication de votre part, certaines audiences de proc\u00e9dure<\/strong>\u00a0\u00e0 des <strong>confr\u00e8res experts<\/strong>\u00a0s\u00e9lectionn\u00e9s pour leur s\u00e9rieux et comp\u00e9tence.<\/span><\/p>\n<p style=\"text-align: justify;\"><span style=\"color: #000000;\">D\u2019autre part, compte tenu du choix de concentrer notre activit\u00e9 au droit de l&rsquo;entreprise, nous pouvons <strong>nous adjoindre les services de confr\u00e8res experts dans d&rsquo;autres domaines d&rsquo;activit\u00e9<\/strong> (droit p\u00e9nal, march\u00e9s publics, propri\u00e9t\u00e9 intellectuelle, etc.).<\/span><\/p>\n<\/div>\n<\/div>\n","protected":false},"excerpt":{"rendered":"<p>NOTRE METHODE DE TRAVAIL Un ENGAGEMENT A 100% pour r\u00e9pondre \u00e0 vos attentes Notre Cabinet noue avec ses clients un lien de confiance et de respect durable fond\u00e9 sur des m\u00e9thodes de travail transparentes et lisibles. PRISE EN CHARGE TYPE Lors de la premi\u00e8re prise de contact, notre Cabinet d\u00e9termine votre probl\u00e9matique juridique et vous [&hellip;]<\/p>\n","protected":false},"author":1,"featured_media":0,"parent":0,"menu_order":0,"comment_status":"closed","ping_status":"closed","template":"","meta":{"site-sidebar-layout":"default","site-content-layout":"","ast-site-content-layout":"","site-content-style":"default","site-sidebar-style":"default","ast-global-header-display":"","ast-banner-title-visibility":"","ast-main-header-display":"","ast-hfb-above-header-display":"","ast-hfb-below-header-display":"","ast-hfb-mobile-header-display":"","site-post-title":"disabled","ast-breadcrumbs-content":"","ast-featured-img":"","footer-sml-layout":"","theme-transparent-header-meta":"","adv-header-id-meta":"","stick-header-meta":"","header-above-stick-meta":"","header-main-stick-meta":"","header-below-stick-meta":"","astra-migrate-meta-layouts":"","ast-page-background-enabled":"default","ast-page-background-meta":{"desktop":{"background-color":"var(--ast-global-color-4)","background-image":"","background-repeat":"repeat","background-position":"center center","background-size":"auto","background-attachment":"scroll","background-type":"","background-media":"","overlay-type":"","overlay-color":"","overlay-gradient":""},"tablet":{"background-color":"","background-image":"","background-repeat":"repeat","background-position":"center center","background-size":"auto","background-attachment":"scroll","background-type":"","background-media":"","overlay-type":"","overlay-color":"","overlay-gradient":""},"mobile":{"background-color":"","background-image":"","background-repeat":"repeat","background-position":"center center","background-size":"auto","background-attachment":"scroll","background-type":"","background-media":"","overlay-type":"","overlay-color":"","overlay-gradient":""}},"ast-content-background-meta":{"desktop":{"background-color":"var(--ast-global-color-5)","background-image":"","background-repeat":"repeat","background-position":"center center","background-size":"auto","background-attachment":"scroll","background-type":"","background-media":"","overlay-type":"","overlay-color":"","overlay-gradient":""},"tablet":{"background-color":"var(--ast-global-color-5)","background-image":"","background-repeat":"repeat","background-position":"center center","background-size":"auto","background-attachment":"scroll","background-type":"","background-media":"","overlay-type":"","overlay-color":"","overlay-gradient":""},"mobile":{"background-color":"var(--ast-global-color-5)","background-image":"","background-repeat":"repeat","background-position":"center center","background-size":"auto","background-attachment":"scroll","background-type":"","background-media":"","overlay-type":"","overlay-color":"","overlay-gradient":""}},"footnotes":""},"_links":{"self":[{"href":"https:\/\/avocat-jouandon.com\/index.php\/wp-json\/wp\/v2\/pages\/160"}],"collection":[{"href":"https:\/\/avocat-jouandon.com\/index.php\/wp-json\/wp\/v2\/pages"}],"about":[{"href":"https:\/\/avocat-jouandon.com\/index.php\/wp-json\/wp\/v2\/types\/page"}],"author":[{"embeddable":true,"href":"https:\/\/avocat-jouandon.com\/index.php\/wp-json\/wp\/v2\/users\/1"}],"replies":[{"embeddable":true,"href":"https:\/\/avocat-jouandon.com\/index.php\/wp-json\/wp\/v2\/comments?post=160"}],"version-history":[{"count":74,"href":"https:\/\/avocat-jouandon.com\/index.php\/wp-json\/wp\/v2\/pages\/160\/revisions"}],"predecessor-version":[{"id":3148,"href":"https:\/\/avocat-jouandon.com\/index.php\/wp-json\/wp\/v2\/pages\/160\/revisions\/3148"}],"wp:attachment":[{"href":"https:\/\/avocat-jouandon.com\/index.php\/wp-json\/wp\/v2\/media?parent=160"}],"curies":[{"name":"wp","href":"https:\/\/api.w.org\/{rel}","templated":true}]}}